{"id":7614,"date":"2023-03-01T10:27:40","date_gmt":"2023-03-01T09:27:40","guid":{"rendered":"https:\/\/www.dtacc.com\/wp\/agence\/les-associes\/"},"modified":"2023-09-14T14:09:00","modified_gmt":"2023-09-14T12:09:00","slug":"managers","status":"publish","type":"page","link":"https:\/\/dtacc.com\/en\/team\/managers\/","title":{"rendered":"Managers"},"content":{"rendered":"\n<figure class=\"wp-block-image size-full\"><img loading=\"lazy\" decoding=\"async\" width=\"378\" height=\"567\" src=\"https:\/\/www.dtacc.com\/wp\/wp-content\/uploads\/2023\/03\/FABRICE-MATHY-2.jpg\" alt=\"\" class=\"wp-image-6952\" srcset=\"https:\/\/dtacc.com\/wp\/wp-content\/uploads\/2023\/03\/FABRICE-MATHY-2.jpg 378w, https:\/\/dtacc.com\/wp\/wp-content\/uploads\/2023\/03\/FABRICE-MATHY-2-200x300.jpg 200w\" sizes=\"auto, (max-width: 378px) 100vw, 378px\" \/><\/figure>\n\n\n\n<p><strong>Fabrice MATHY, Architecte, Gentleman Driver et Biker d\u2019influence \u00e9picurienne.<\/strong><\/p>\n\n\n\n<p>Dipl\u00f4m\u00e9 d\u2019UP8 Paris-Belleville<br>Ancien de l\u2019Universit\u00e9 de Droit \u2013 Paris Sud<\/p>\n\n\n\n<p>Sa rencontre avec l\u2019architecture se fait \u00e0 l\u2019arm\u00e9e au c\u00f4t\u00e9 d\u2019un lieutenant colonel issue d\u2019une famille d\u2019architectes. C\u2019est une fascination pour la conception des volumes, pour la technique, pour l\u2019esth\u00e9tique des formes qui le m\u00e8ne \u00e0 devenir architecte. Selon lui, l\u2019architecture est le langage par lequel l\u2019humain traduit de mani\u00e8re artistique et technique son cadre de vie id\u00e9al. Architecte passionn\u00e9, il continue de croire aux hommes dans leur relation avec l\u2019autre et dans leurs \u00e9changes professionnels. Ce qu\u2019il demande \u00e0 ses \u00e9quipes, c\u2019est la t\u00e9nacit\u00e9 de tenir un projet au-del\u00e0 des innombrables obstacles. La r\u00e9compense ultime \u00e9tant le projet \u00ab sublime \u00bb. Fabrice Mathy reste convaincu que la r\u00e9ussite tient au g\u00e9nie des responsabilit\u00e9s collectives.<\/p>\n\n\n\n<p><strong>DTACC Story<\/strong><br>D\u00e9j\u00e0 \u00e0 pied d\u2019\u0153uvre lors de la cr\u00e9ation de l\u2019agence DTACC : son ann\u00e9e 1993-1994<\/p>\n\n\n\n<p><strong>\u00c0 trois associ\u00e9s, c\u2019est\u2026<\/strong><br>Une passion commune, une co-production r\u00e9ussie.<\/p>\n\n\n\n<p><strong>Le + DTACC<\/strong><br>Lorsque l\u2019on vient chercher DTACC, on vient chercher notre savoir-faire. notre exp\u00e9rience, notre expertise et la qualit\u00e9 d\u2019une r\u00e9ponse globale apport\u00e9e dans chacun de nos projets.<\/p>\n\n\n\n<p><strong>Fabrice &amp; la ville<\/strong><br>R\u00e9inventer la ville sur la ville, plugger du neuf dans la pierre et traduire les contraintes actuelles en pr\u00e9servant ce que la ville a de plus beau.<\/p>\n\n\n\n<p><strong>Le 100% ext\u00e9rieur<\/strong><br>La belle m\u00e9canique, les collections, les belles choses.<\/p>\n\n\n\n<figure class=\"wp-block-image size-full\"><img loading=\"lazy\" decoding=\"async\" width=\"378\" height=\"567\" src=\"https:\/\/www.dtacc.com\/wp\/wp-content\/uploads\/2023\/03\/CHRISTIAN-SBEIH-2-1.jpg\" alt=\"\" class=\"wp-image-6954\" srcset=\"https:\/\/dtacc.com\/wp\/wp-content\/uploads\/2023\/03\/CHRISTIAN-SBEIH-2-1.jpg 378w, https:\/\/dtacc.com\/wp\/wp-content\/uploads\/2023\/03\/CHRISTIAN-SBEIH-2-1-200x300.jpg 200w\" sizes=\"auto, (max-width: 378px) 100vw, 378px\" \/><\/figure>\n\n\n\n<p><strong>Christian SBEIH, Architecte associ\u00e9, b\u00eate noire du superflu et du gratuit<\/strong>.<\/p>\n\n\n\n<p>Dipl\u00f4m\u00e9 de l\u2019\u00c9cole d\u2019Architecture de l\u2019USEK au Liban.<\/p>\n\n\n\n<p>Sa rencontre avec un lointain cousin architecte, expatri\u00e9 aux \u00c9tats-Unis, signe son engagement dans l\u2019architecture.<br>Les utopies architecturales ne l\u2019int\u00e9ressent pas. Selon lui, elles ne servent ni le pr\u00e9sent, ni les vivants.<br>Aux utopies, il pr\u00e9f\u00e8re l\u2019action. Agir sur l\u2019environnement de la ville actuelle est plus excitant.<\/p>\n\n\n\n<p><strong>DTACC Story<\/strong><br>Un entretien de 45 minutes sur Star Wars et de 10 minutes sur l\u2019architecture suffisent \u00e0 le recruter chez DTACC.<\/p>\n\n\n\n<p><strong>\u00c0 trois associ\u00e9s, c\u2019est\u2026<\/strong><br>Une \u00e9vidence.<\/p>\n\n\n\n<p><strong>Le + DTACC<\/strong><br>Une solide assise professionnelle associ\u00e9e \u00e0 une recherche constante de renouvellement, de cr\u00e9ativit\u00e9 et de limpidit\u00e9 des r\u00e9ponses apport\u00e9es. Et, une philosophie de travail avec ses collaborateurs : apprendre \u00e0 s\u2019\u00e9loigner des certitudes pour mieux les retrouver quand elles s\u2019av\u00e8rent essentielles.<\/p>\n\n\n\n<p><strong>Christian &amp; la ville<\/strong><br>Le travail de DTACC se nourrit de la ville pour y apporter un suppl\u00e9ment infime de sens, une coh\u00e9rence mais aussi une remise en cause.<\/p>\n\n\n\n<p><strong>Le 100% ext\u00e9rieur<\/strong><br>\u00c0 pieds, \u00e0 Beyrouth. En hauteur, dans un avion.<\/p>\n\n\n\n<figure class=\"wp-block-image size-full\"><img loading=\"lazy\" decoding=\"async\" width=\"378\" height=\"567\" src=\"https:\/\/www.dtacc.com\/wp\/wp-content\/uploads\/2023\/03\/JEROME-LIBERMAN-DTACC.jpg\" alt=\"\" class=\"wp-image-6950\" srcset=\"https:\/\/dtacc.com\/wp\/wp-content\/uploads\/2023\/03\/JEROME-LIBERMAN-DTACC.jpg 378w, https:\/\/dtacc.com\/wp\/wp-content\/uploads\/2023\/03\/JEROME-LIBERMAN-DTACC-200x300.jpg 200w\" sizes=\"auto, (max-width: 378px) 100vw, 378px\" \/><\/figure>\n\n\n\n<p><strong>J\u00c9R\u00d4ME LIBERMAN, Architecte associ\u00e9, Unlimited.<\/strong><\/p>\n\n\n\n<p>Dipl\u00f4m\u00e9 de Paris Villemin<br>Dipl\u00f4m\u00e9 de Droit de l\u2019Urbanisme et \u00c9conomie Urbaine<br>Dipl\u00f4m\u00e9 SCAB-ICI \u2013 \u00c9cole des Ponts et Chauss\u00e9es<\/p>\n\n\n\n<p>Trouvant que ses \u00e9tudes de Sciences et Structure de la Mati\u00e8re&nbsp;&nbsp;le m\u00e8nent vers un champ trop restrictif, il choisit la voie de l\u2019Architecture. Durant cette p\u00e9riode, il collabore avec Santiagio Calatrava sur des projets hors du commun dont la Gare TGV de Satolas&nbsp;\u00e0&nbsp;Lyon. Son dipl\u00f4me obtenu, c\u2019est Claude Parent qui lui offre une place dans son agence. Il y restera cinq ans. Cette rencontre d\u00e9terminante lui permettra de d\u00e9velopper des projets d\u2019envergure comme l\u2019A\u00e9ronef de Roissy, la mairie de Lillebonne, le si\u00e8ge social Transports EDF, la galerie commerciale dans le centre historique de Prague, entre autres. Sa vision de l\u2019architecture ne s\u2019arr\u00eate pas \u00e0 l\u2019objet cr\u00e9\u00e9 mais s\u2019ouvre \u00e0 une dimension de taille XXL : urbaine, \u00e9conomique, sociale et philosophique. Dans cette dynamique, il fonde Archichaos Laboratory, zone d\u2019exp\u00e9rimentation et parfait combo de l\u2019art, de l\u2019architecture et du r\u00e9el. Avec son livre \u2018It fits like an Architecture&nbsp;\u00bb, lanc\u00e9 \u00e0 la librairie du Palais de Tokyo, il s\u2019entretient avec des cr\u00e9ateurs de mode, Isabel Marant, Marcel Marongiu, J\u00e9r\u00f4me Dreyfus, Josephus Thismister sur le th\u00e8me du&nbsp;<em>Modus operandi<\/em>&nbsp;de la cr\u00e9ation. Son second opus \u00ab&nbsp;Tell me how you work, I will tell you how I design&nbsp;\u00bb et le d\u00e9bat \u00e9ponyme au Pavillon de l\u2019Arsenal font \u00e9galement partie des projets phares d\u2019Archichaos Laboratory.<br>Pour lui, l\u2019architecture est un \u00e9tat des lieux, une reconstitution de l\u2019Essentiel.<\/p>\n\n\n\n<p><strong>DTACC Story<\/strong><br>Dans le bain d\u00e8s le 1er jour.<\/p>\n\n\n\n<p><strong>\u00c0 trois associ\u00e9s, c\u2019est\u2026<\/strong><br>Un bloc.<\/p>\n\n\n\n<p><strong>Le + DTACC<\/strong><br>L\u2019architecture et plus.<\/p>\n\n\n\n<p><strong>J\u00e9r\u00f4me &amp; la ville&nbsp;<\/strong><br>\u00ab&nbsp;Je suis un homme de la ville, de toutes les villes, je m\u2019en impr\u00e8gne et la parcours \u00e0 pieds pour l\u2019appr\u00e9hender dans toutes ses dimensions y compris affective.&nbsp;\u00bb<\/p>\n\n\n\n<p><strong>Le 100% ext\u00e9rieur<\/strong><br>Mon \u00e9pouse et mes enfants.<\/p>\n","protected":false},"excerpt":{"rendered":"<p>Fabrice MATHY, Architecte, Gentleman Driver et Biker d\u2019influence \u00e9picurienne. Dipl\u00f4m\u00e9 d\u2019UP8 Paris-BellevilleAncien de l\u2019Universit\u00e9 de Droit \u2013 Paris Sud Sa rencontre avec l\u2019architecture se fait \u00e0 l\u2019arm\u00e9e au c\u00f4t\u00e9 d\u2019un lieutenant colonel issue d\u2019une famille d\u2019architectes. C\u2019est une fascination pour la conception des volumes, pour la technique, pour l\u2019esth\u00e9tique des formes qui le m\u00e8ne \u00e0 [&hellip;]<\/p>\n","protected":false},"author":2,"featured_media":0,"parent":7613,"menu_order":0,"comment_status":"closed","ping_status":"closed","template":"","meta":{"_acf_changed":false,"_seopress_robots_primary_cat":"","_seopress_titles_title":"","_seopress_titles_desc":"","_seopress_robots_index":"","footnotes":""},"class_list":["post-7614","page","type-page","status-publish","hentry"],"blocksy_meta":[],"acf":[],"_links":{"self":[{"href":"https:\/\/dtacc.com\/en\/wp-json\/wp\/v2\/pages\/7614","targetHints":{"allow":["GET"]}}],"collection":[{"href":"https:\/\/dtacc.com\/en\/wp-json\/wp\/v2\/pages"}],"about":[{"href":"https:\/\/dtacc.com\/en\/wp-json\/wp\/v2\/types\/page"}],"author":[{"embeddable":true,"href":"https:\/\/dtacc.com\/en\/wp-json\/wp\/v2\/users\/2"}],"replies":[{"embeddable":true,"href":"https:\/\/dtacc.com\/en\/wp-json\/wp\/v2\/comments?post=7614"}],"version-history":[{"count":2,"href":"https:\/\/dtacc.com\/en\/wp-json\/wp\/v2\/pages\/7614\/revisions"}],"predecessor-version":[{"id":10212,"href":"https:\/\/dtacc.com\/en\/wp-json\/wp\/v2\/pages\/7614\/revisions\/10212"}],"up":[{"embeddable":true,"href":"https:\/\/dtacc.com\/en\/wp-json\/wp\/v2\/pages\/7613"}],"wp:attachment":[{"href":"https:\/\/dtacc.com\/en\/wp-json\/wp\/v2\/media?parent=7614"}],"curies":[{"name":"wp","href":"https:\/\/api.w.org\/{rel}","templated":true}]}}